{"id":1250,"date":"2018-07-07T15:38:25","date_gmt":"2018-07-07T15:38:25","guid":{"rendered":"https:\/\/treffpunktwettingen.ch\/wordpress\/?page_id=1250"},"modified":"2023-07-10T21:07:15","modified_gmt":"2023-07-10T19:07:15","slug":"datenschutz","status":"publish","type":"page","link":"https:\/\/treffpunktwettingen.ch\/wordpress\/datenschutz\/","title":{"rendered":"Datenschutz"},"content":{"rendered":"\n<p><strong>Seit dem 25. Mai 2018 gilt die europ\u00e4ische Datenschutz-Grundverordnung (DSGVO). <\/strong><\/p>\n\n\n\n<p><strong>Wir versichern Ihnen, dass Ihre pers\u00f6nlichen Daten (Name, Adresse, E-Mail-Adresse, Telefonnummer) ausschliesslich im Rahmen der Vereinsaktivit\u00e4ten verwendet werden. Es erfolgt keine Weitergabe der Daten an Dritte.<\/strong><\/p>\n\n\n\n<p>Wenn Sie damit einverstanden sind, brauchen Sie weiter nichts zu unternehmen. Falls Sie eine L\u00f6schung Ihrer Daten aus unserem Adressverteiler w\u00fcnschen, teilen Sie uns dies bitte per E-Mail an <a href=\"mailto:info@treffpunktwettingen.ch\">info@treffpunktwettingen.ch<\/a> mit und Ihre Daten werden gel\u00f6scht.<\/p>\n","protected":false},"excerpt":{"rendered":"<p>Seit dem 25. Mai 2018 gilt die europ\u00e4ische Datenschutz-Grundverordnung (DSGVO). Wir versichern Ihnen, dass Ihre pers\u00f6nlichen Daten (Name, Adresse, E-Mail-Adresse, Telefonnummer) ausschliesslich im Rahmen der Vereinsaktivit\u00e4ten verwendet werden. Es erfolgt keine Weitergabe der Daten an Dritte. Wenn Sie damit einverstanden sind, brauchen Sie weiter nichts zu unternehmen. Falls Sie eine L\u00f6schung Ihrer Daten aus unserem [&hellip;]<\/p>\n","protected":false},"author":1,"featured_media":0,"parent":0,"menu_order":0,"comment_status":"closed","ping_status":"closed","template":"","meta":{"footnotes":""},"class_list":["post-1250","page","type-page","status-publish","hentry"],"_links":{"self":[{"href":"https:\/\/treffpunktwettingen.ch\/wordpress\/wp-json\/wp\/v2\/pages\/1250","targetHints":{"allow":["GET"]}}],"collection":[{"href":"https:\/\/treffpunktwettingen.ch\/wordpress\/wp-json\/wp\/v2\/pages"}],"about":[{"href":"https:\/\/treffpunktwettingen.ch\/wordpress\/wp-json\/wp\/v2\/types\/page"}],"author":[{"embeddable":true,"href":"https:\/\/treffpunktwettingen.ch\/wordpress\/wp-json\/wp\/v2\/users\/1"}],"replies":[{"embeddable":true,"href":"https:\/\/treffpunktwettingen.ch\/wordpress\/wp-json\/wp\/v2\/comments?post=1250"}],"version-history":[{"count":3,"href":"https:\/\/treffpunktwettingen.ch\/wordpress\/wp-json\/wp\/v2\/pages\/1250\/revisions"}],"predecessor-version":[{"id":1991,"href":"https:\/\/treffpunktwettingen.ch\/wordpress\/wp-json\/wp\/v2\/pages\/1250\/revisions\/1991"}],"wp:attachment":[{"href":"https:\/\/treffpunktwettingen.ch\/wordpress\/wp-json\/wp\/v2\/media?parent=1250"}],"curies":[{"name":"wp","href":"https:\/\/api.w.org\/{rel}","templated":true}]}}