{"id":399,"date":"2016-03-22T15:16:14","date_gmt":"2016-03-22T15:16:14","guid":{"rendered":"https:\/\/treffpunktwettingen.ch\/wordpress\/?page_id=399"},"modified":"2023-07-10T21:22:15","modified_gmt":"2023-07-10T19:22:15","slug":"wir-suchen","status":"publish","type":"page","link":"https:\/\/treffpunktwettingen.ch\/wordpress\/wir-suchen\/","title":{"rendered":"Wir Suchen"},"content":{"rendered":"\n<p><strong>Freiwillige<\/strong>, die einzelne Menschen im Alltag begleiten, z.B:<\/p>\n\n\n\n<ul class=\"wp-block-list\">\n<li>Fl\u00fcchtlinge in Ausbildung<\/li>\n\n\n\n<li>Eine junge Familie unterst\u00fctzen, ihre Fragen beantworten und ihnen&nbsp; unser System n\u00e4her bringen<\/li>\n\n\n\n<li>Jemanden einzeln im Deutschlernen unterst\u00fctzen<\/li>\n<\/ul>\n\n\n\n<p><strong>Ideen<\/strong>, wie wir den Asylsuchenden und Fl\u00fcchtlingen noch helfen k\u00f6nnten.<\/p>\n\n\n\n<p><strong>Mitglieder<\/strong>, welche bereit sind, im Verein Aufgaben zu \u00fcbernehmen.<\/p>\n","protected":false},"excerpt":{"rendered":"<p>Freiwillige, die einzelne Menschen im Alltag begleiten, z.B: Ideen, wie wir den Asylsuchenden und Fl\u00fcchtlingen noch helfen k\u00f6nnten. Mitglieder, welche bereit sind, im Verein Aufgaben zu \u00fcbernehmen.<\/p>\n","protected":false},"author":1,"featured_media":0,"parent":0,"menu_order":0,"comment_status":"closed","ping_status":"closed","template":"","meta":{"footnotes":""},"class_list":["post-399","page","type-page","status-publish","hentry"],"_links":{"self":[{"href":"https:\/\/treffpunktwettingen.ch\/wordpress\/wp-json\/wp\/v2\/pages\/399","targetHints":{"allow":["GET"]}}],"collection":[{"href":"https:\/\/treffpunktwettingen.ch\/wordpress\/wp-json\/wp\/v2\/pages"}],"about":[{"href":"https:\/\/treffpunktwettingen.ch\/wordpress\/wp-json\/wp\/v2\/types\/page"}],"author":[{"embeddable":true,"href":"https:\/\/treffpunktwettingen.ch\/wordpress\/wp-json\/wp\/v2\/users\/1"}],"replies":[{"embeddable":true,"href":"https:\/\/treffpunktwettingen.ch\/wordpress\/wp-json\/wp\/v2\/comments?post=399"}],"version-history":[{"count":14,"href":"https:\/\/treffpunktwettingen.ch\/wordpress\/wp-json\/wp\/v2\/pages\/399\/revisions"}],"predecessor-version":[{"id":2003,"href":"https:\/\/treffpunktwettingen.ch\/wordpress\/wp-json\/wp\/v2\/pages\/399\/revisions\/2003"}],"wp:attachment":[{"href":"https:\/\/treffpunktwettingen.ch\/wordpress\/wp-json\/wp\/v2\/media?parent=399"}],"curies":[{"name":"wp","href":"https:\/\/api.w.org\/{rel}","templated":true}]}}